{"id":212,"date":"2020-02-18T19:40:04","date_gmt":"2020-02-18T19:40:04","guid":{"rendered":"http:\/\/raimund-reiter.de\/?page_id=212"},"modified":"2020-03-03T11:26:07","modified_gmt":"2020-03-03T11:26:07","slug":"biographie","status":"publish","type":"page","link":"https:\/\/raimund-reiter.de\/?page_id=212","title":{"rendered":"Biographie"},"content":{"rendered":"\n<ul class=\"wp-block-list\"><li>1950 geboren in Eichendorf<\/li><li>Schulzeit in Landshut<\/li><li>Bankkaufmann, Dipl.-Betriebswirt (FH), Volksschullehrer<\/li><li>Als Grafiker und Maler Autodidakt<\/li><li>1984 eigene Radierwerkstatt in K\u00e4ufelkofen<\/li><li>Seit 1985 Einrichtung eines druckgrafischen Ateliers in Piflas bei Landshut<\/li><li>Mitgliedschaft im Kunstverein Landshut<\/li><li>Mitgliedschaft im Berufsverband Bildender K\u00fcnstler Ndb\/Opf<\/li><li>Mitgliedschaft im Verein f\u00fcr Original-Radierung M\u00fcnchen e.V.<\/li><li>Mitgliedschaft in der M\u00fcnchner Secession<\/li><li>2009 Verleihung des Kulturf\u00f6rderpreises der Stadt Landshut<\/li><\/ul>\n\n\n\n<p><\/p>\n","protected":false},"excerpt":{"rendered":"<p>1950 geboren in Eichendorf Schulzeit in Landshut Bankkaufmann, Dipl.-Betriebswirt (FH), Volksschullehrer Als Grafiker und Maler Autodidakt 1984 eigene Radierwerkstatt in K\u00e4ufelkofen Seit 1985 Einrichtung eines druckgrafischen Ateliers in Piflas bei Landshut Mitgliedschaft im Kunstverein Landshut Mitgliedschaft im Berufsverband Bildender K\u00fcnstler Ndb\/Opf Mitgliedschaft im Verein f\u00fcr Original-Radierung M\u00fcnchen e.V. Mitgliedschaft in der M\u00fcnchner Secession 2009 Verleihung &hellip; <a href=\"https:\/\/raimund-reiter.de\/?page_id=212\" class=\"more-link\"><span class=\"screen-reader-text\">Biographie<\/span> weiterlesen <span class=\"meta-nav\">&rarr;<\/span><\/a><\/p>\n","protected":false},"author":1,"featured_media":0,"parent":206,"menu_order":1,"comment_status":"closed","ping_status":"closed","template":"","meta":{"footnotes":""},"class_list":["post-212","page","type-page","status-publish","hentry"],"_links":{"self":[{"href":"https:\/\/raimund-reiter.de\/index.php?rest_route=\/wp\/v2\/pages\/212","targetHints":{"allow":["GET"]}}],"collection":[{"href":"https:\/\/raimund-reiter.de\/index.php?rest_route=\/wp\/v2\/pages"}],"about":[{"href":"https:\/\/raimund-reiter.de\/index.php?rest_route=\/wp\/v2\/types\/page"}],"author":[{"embeddable":true,"href":"https:\/\/raimund-reiter.de\/index.php?rest_route=\/wp\/v2\/users\/1"}],"replies":[{"embeddable":true,"href":"https:\/\/raimund-reiter.de\/index.php?rest_route=%2Fwp%2Fv2%2Fcomments&post=212"}],"version-history":[{"count":6,"href":"https:\/\/raimund-reiter.de\/index.php?rest_route=\/wp\/v2\/pages\/212\/revisions"}],"predecessor-version":[{"id":508,"href":"https:\/\/raimund-reiter.de\/index.php?rest_route=\/wp\/v2\/pages\/212\/revisions\/508"}],"up":[{"embeddable":true,"href":"https:\/\/raimund-reiter.de\/index.php?rest_route=\/wp\/v2\/pages\/206"}],"wp:attachment":[{"href":"https:\/\/raimund-reiter.de\/index.php?rest_route=%2Fwp%2Fv2%2Fmedia&parent=212"}],"curies":[{"name":"wp","href":"https:\/\/api.w.org\/{rel}","templated":true}]}}