{"id":349,"date":"2020-02-20T16:19:24","date_gmt":"2020-02-20T16:19:24","guid":{"rendered":"http:\/\/raimund-reiter.de\/?page_id=349"},"modified":"2021-10-05T18:57:07","modified_gmt":"2021-10-05T18:57:07","slug":"oeffentliche-ankaeufe","status":"publish","type":"page","link":"https:\/\/raimund-reiter.de\/?page_id=349","title":{"rendered":"\u00d6ffentliche Ank\u00e4ufe"},"content":{"rendered":"\n<div class=\"wp-block-group\"><div class=\"wp-block-group__inner-container is-layout-flow wp-block-group-is-layout-flow\">\n<ul class=\"wp-block-list\"><li><span style=\"color: initial;\">St\u00e4dtische Galerie Regensburg<\/span><\/li><li>Bayerische Staatsgem\u00e4ldesammlung M\u00fcnchen<\/li><li>Stadt Pfarrkirchen<\/li><li>Stadt Griesbach<\/li><li>Stadt Landshut<\/li><li>Museen der Stadt Landshut<\/li><li>Klinikum Kassel<\/li><li>Uniklinikum Regensburg<\/li><li>Sparkasse Landshut<\/li><li>Landkreisgalerie Freyung-Grafenau<\/li><\/ul>\n<\/div><\/div>\n\n\n\n<p><\/p>\n","protected":false},"excerpt":{"rendered":"<p>St\u00e4dtische Galerie Regensburg Bayerische Staatsgem\u00e4ldesammlung M\u00fcnchen Stadt Pfarrkirchen Stadt Griesbach Stadt Landshut Museen der Stadt Landshut Klinikum Kassel Uniklinikum Regensburg Sparkasse Landshut Landkreisgalerie Freyung-Grafenau<\/p>\n","protected":false},"author":1,"featured_media":0,"parent":206,"menu_order":5,"comment_status":"closed","ping_status":"closed","template":"","meta":{"footnotes":""},"class_list":["post-349","page","type-page","status-publish","hentry"],"_links":{"self":[{"href":"https:\/\/raimund-reiter.de\/index.php?rest_route=\/wp\/v2\/pages\/349","targetHints":{"allow":["GET"]}}],"collection":[{"href":"https:\/\/raimund-reiter.de\/index.php?rest_route=\/wp\/v2\/pages"}],"about":[{"href":"https:\/\/raimund-reiter.de\/index.php?rest_route=\/wp\/v2\/types\/page"}],"author":[{"embeddable":true,"href":"https:\/\/raimund-reiter.de\/index.php?rest_route=\/wp\/v2\/users\/1"}],"replies":[{"embeddable":true,"href":"https:\/\/raimund-reiter.de\/index.php?rest_route=%2Fwp%2Fv2%2Fcomments&post=349"}],"version-history":[{"count":7,"href":"https:\/\/raimund-reiter.de\/index.php?rest_route=\/wp\/v2\/pages\/349\/revisions"}],"predecessor-version":[{"id":591,"href":"https:\/\/raimund-reiter.de\/index.php?rest_route=\/wp\/v2\/pages\/349\/revisions\/591"}],"up":[{"embeddable":true,"href":"https:\/\/raimund-reiter.de\/index.php?rest_route=\/wp\/v2\/pages\/206"}],"wp:attachment":[{"href":"https:\/\/raimund-reiter.de\/index.php?rest_route=%2Fwp%2Fv2%2Fmedia&parent=349"}],"curies":[{"name":"wp","href":"https:\/\/api.w.org\/{rel}","templated":true}]}}